{"id":3962,"date":"2022-02-17T15:13:09","date_gmt":"2022-02-17T14:13:09","guid":{"rendered":"https:\/\/baleidetale.pl\/sklep\/?post_type=product&#038;p=3962"},"modified":"2026-03-19T09:10:05","modified_gmt":"2026-03-19T08:10:05","slug":"uniepalniacz-impregnat-do-zabezpieczania-drewna-przed-dzialaniem-ognia","status":"publish","type":"product","link":"https:\/\/baleidetale.pl\/sklep\/produkt\/uniepalniacz-impregnat-do-zabezpieczania-drewna-przed-dzialaniem-ognia\/","title":{"rendered":"Impregnat do zabezpieczania drewna przed ogniem &#8211; UNIEPALNIACZ"},"content":{"rendered":"<p><strong>Zwi\u0119ksz bezpiecze\u0144stwo domownik\u00f3w i ochro\u0144 ich przed niepo\u017c\u0105danym ogniem stosuj\u0105c impregnat do zabezpieczania drewna i wyrob\u00f3w z drewna!\u00a0<\/strong><\/p>\n<h2><strong>Niezawodny system zabezpieczaj\u0105cy drewno przed dzia\u0142aniem ognia<\/strong><\/h2>\n<p>Kuprafung Uniepalniacz jest rozpuszczalny w wodzie, przez co niestety mo\u017ce si\u0119 wymywa\u0107 z drewna. Aby wi\u0119c zapobiec impregnat przed wymywaniem powsta\u0142 specjalny system zabezpieczaj\u0105cy wymywanie preparatu z zabezpieczonego drewna. Szereg test\u00f3w laboratoryjnych udowodni\u0142,\u00a0 \u017ce produkt <a href=\"https:\/\/baleidetale.pl\/sklep\/produkt\/wodorozcienczalna-lazura-do-drewna-delta-hydrolasur-5-10\/\">DELTA Hydrolasur 5.10<\/a> bardzo dobrze zabezpiecza UNIEPALNIACZ przed wymywaniem go z drewna.<\/p>\n<h3>Impregnat do zabezpieczania drewna Kuprafung &#8211; Uniepalniacz<\/h3>\n<p>Preparat mo\u017ce by\u0107 sprzedawany w postaci sypkiej (Koncentrat 100%) oraz w postaci roztworu wodnego (50%). Koncentrat to sypki proszek, bez zapachu o barwie bia\u0142o-szarej. Impregnuje si\u0119 go po rozpuszczeniu w wodzie. Jest zalecany do zabezpieczania drewna metod\u0105 ci\u015bnieniow\u0105, zanurzeniow\u0105, natryskow\u0105 oraz nanoszenia p\u0119dzlem lub wa\u0142kiem.<\/p>\n<h3><strong>Jak stosowa\u0107 impregnat do zabezpieczania drewna Kuprafung \u2013 Uniepalniacz?<\/strong><\/h3>\n<p>Zabezpieczone drewno powinno by\u0107 suche i czyste (w szczeg\u00f3lno\u015bci pozbawione pow\u0142ok malarskich i lakierniczych). Kuprafung \u2013 Uniepalniacz 50% nale\u017cy nanie\u015b\u0107 w ilo\u015bci 460 g koncentratu na 1m2 drewna w celu uzyskania klasyfikacji Bs2-d0 (NRO)<\/p>\n<p>Roztw\u00f3r impregnatu mo\u017cna nanosi\u0107 poprzez zanurzenie (zalecane rozcie\u0144czenie 1:3) b\u0105d\u017a za pomoc\u0105 spryskiwacza, wa\u0142ka lub p\u0119dzla (rozcie\u0144czanie 1:2). Zabezpieczone drewno nale\u017cy chroni\u0107 przed opadami atmosferycznymi lub zabezpieczy\u0107 systemowo lazur\u0105 DELTA Hydrolasur 5.10<\/p>\n<p>Czas zanurzenia drewna jest uzale\u017cniony od: geometrii (stosunek powierzchni do obj\u0119to\u015bci), wilgotno\u015bci, stopnia od\u017cywiczenia oraz innych czynnik\u00f3w (np. temperatury otoczenia). Czas zanurzenia nale\u017cy kontrolowa\u0107 na bie\u017c\u0105co obserwuj\u0105c ubytek roztworu roboczego.<\/p>\n<h3><strong>\u015arodki ostro\u017cno\u015bci podczas u\u017cywania Kuprafung \u2013 Uniepalniacz<\/strong><\/h3>\n<p><strong>\u00a0<\/strong>W celu przestrzegania bezpiecze\u0144stwa podczas stosowania produktu, zapoznaj si\u0119 z kart\u0105 produktu oraz dodatkowymi informacjami o produkcie.<\/p>\n<p><span style=\"text-decoration: underline;\"><span style=\"color: #3366ff; text-decoration: underline;\"><a style=\"color: #3366ff; text-decoration: underline;\" href=\"https:\/\/baleidetale.pl\/sklep\/wp-content\/uploads\/2022\/02\/KUPRAFUNG-Uniepalniacz-System-Informacja-o-produkcie.pdf\" target=\"_blank\" rel=\"noopener\">Karta Produktu<\/a><\/span><\/span><\/p>\n<p><span style=\"text-decoration: underline;\"><span style=\"color: #3366ff; text-decoration: underline;\"><a style=\"color: #3366ff; text-decoration: underline;\" href=\"https:\/\/baleidetale.pl\/sklep\/wp-content\/uploads\/2022\/02\/KUPRAFUNG-Uniepalniacz-50_-KCH_2023.pdf\" target=\"_blank\" rel=\"noopener\">Karta Charakterystyki Produktu<\/a><\/span><\/span><\/p>\n<p><span style=\"text-decoration: underline;\"><span style=\"color: #3366ff; text-decoration: underline;\"><a style=\"color: #3366ff; text-decoration: underline;\" href=\"https:\/\/baleidetale.pl\/sklep\/wp-content\/uploads\/2022\/02\/KOT_Kuprafung-Uniepalniacz_SYSTEM_convert.pdf\" target=\"_blank\" rel=\"noopener\">Krajowa Ocena Techniczna<\/a><\/span><\/span><\/p>\n","protected":false},"excerpt":{"rendered":"<p><strong>Chcesz zwi\u0119kszy\u0107 bezpiecze\u0144stwo domownik\u00f3w i ochroni\u0107 ich przed ogniem? Mamy dla Ciebie wysokiej klasy impregnat do zabezpieczania drewna i wyrob\u00f3w z drewna przed niebezpiecznym dzia\u0142aniem ognia. Zadbaj o swoje bezpiecze\u0144stwo!<\/strong><\/p>\n<p>KUPRAFUNG &#8211; UNIEPALNIACZ to wodorozcie\u0144czalny koncentrat, kt\u00f3rego\u00a0dzia\u0142anie obni\u017ca temperatur\u0119 krzepni\u0119cia roztworu roboczego do -7C. <strong>Skuteczno\u015b\u0107 produktu jest wysoka, poniewa\u017c zgodnie z aprobat\u0105 techniczn\u0105 ITB drewno zabezpieczone preparatem klasyfikuje si\u0119 jako materia\u0142 niezapalny! <\/strong><\/p>\n<h4>Opakowanie:<\/h4>\n<p>5L\/ 10L<\/p>\n","protected":false},"featured_media":8104,"comment_status":"open","ping_status":"closed","template":"","meta":{"_ppp_document_settings_meta":"","site-sidebar-layout":"default","site-content-layout":"default","ast-site-content-layout":"default","site-content-style":"default","site-sidebar-style":"default","ast-global-header-display":"","ast-banner-title-visibility":"","ast-main-header-display":"","ast-hfb-above-header-display":"","ast-hfb-below-header-display":"","ast-hfb-mobile-header-display":"","site-post-title":"","ast-breadcrumbs-content":"","ast-featured-img":"","footer-sml-layout":"","ast-disable-related-posts":"","theme-transparent-header-meta":"default","adv-header-id-meta":"","stick-header-meta":"","header-above-stick-meta":"","header-main-stick-meta":"","header-below-stick-meta":"","astra-migrate-meta-layouts":"set","ast-page-background-enabled":"default","ast-page-background-meta":{"desktop":{"background-color":"","background-image":"","background-repeat":"repeat","background-position":"center center","background-size":"auto","background-attachment":"scroll","background-type":"","background-media":"","overlay-type":"","overlay-color":"","overlay-opacity":"","overlay-gradient":""},"tablet":{"background-color":"","background-image":"","background-repeat":"repeat","background-position":"center center","background-size":"auto","background-attachment":"scroll","background-type":"","background-media":"","overlay-type":"","overlay-color":"","overlay-opacity":"","overlay-gradient":""},"mobile":{"background-color":"","background-image":"","background-repeat":"repeat","background-position":"center center","background-size":"auto","background-attachment":"scroll","background-type":"","background-media":"","overlay-type":"","overlay-color":"","overlay-opacity":"","overlay-gradient":""}},"ast-content-background-meta":{"desktop":{"background-color":"var(--ast-global-color-5)","background-image":"","background-repeat":"repeat","background-position":"center center","background-size":"auto","background-attachment":"scroll","background-type":"","background-media":"","overlay-type":"","overlay-color":"","overlay-opacity":"","overlay-gradient":""},"tablet":{"background-color":"var(--ast-global-color-5)","background-image":"","background-repeat":"repeat","background-position":"center center","background-size":"auto","background-attachment":"scroll","background-type":"","background-media":"","overlay-type":"","overlay-color":"","overlay-opacity":"","overlay-gradient":""},"mobile":{"background-color":"var(--ast-global-color-5)","background-image":"","background-repeat":"repeat","background-position":"center center","background-size":"auto","background-attachment":"scroll","background-type":"","background-media":"","overlay-type":"","overlay-color":"","overlay-opacity":"","overlay-gradient":""}}},"product_brand":[],"product_cat":[140],"product_tag":[149,151,147,150],"class_list":{"0":"post-3962","1":"product","2":"type-product","3":"status-publish","4":"has-post-thumbnail","6":"product_cat-impregnacja","7":"product_tag-impregnat-do-drewna","8":"product_tag-impregnat-do-zabezpieczenia-drewna","9":"product_tag-zabezpieczenie-drewna","10":"product_tag-zabezpieczenie-drewna-przed-ogniem","11":"desktop-align-left","12":"tablet-align-left","13":"mobile-align-left","14":"ast-product-gallery-layout-horizontal-slider","15":"ast-product-gallery-with-no-image","16":"ast-product-single-variable","17":"ast-product-tabs-layout-horizontal","19":"first","20":"instock","21":"taxable","22":"shipping-taxable","23":"purchasable","24":"product-type-variable"},"yoast_head":"<!-- This site is optimized with the Yoast SEO plugin v27.4 - https:\/\/yoast.com\/product\/yoast-seo-wordpress\/ -->\n<title>Impregnat do zabezpieczania drewna przed ogniem - UNIEPALNIACZ - Sklep BaleiDetale.pl<\/title>\n<meta name=\"description\" content=\"U\u017cyj impregnat do zabezpieczania drewna przed dzia\u0142aniem ognia i zwi\u0119ksz tym samym bezpiecze\u0144stwo domownik\u00f3w!\" \/>\n<meta name=\"robots\" content=\"index, follow, max-snippet:-1, max-image-preview:large, max-video-preview:-1\" \/>\n<link rel=\"canonical\" href=\"https:\/\/baleidetale.pl\/sklep\/produkt\/uniepalniacz-impregnat-do-zabezpieczania-drewna-przed-dzialaniem-ognia\/\" \/>\n<meta property=\"og:locale\" content=\"pl_PL\" \/>\n<meta property=\"og:type\" content=\"article\" \/>\n<meta property=\"og:title\" content=\"Impregnat do zabezpieczania drewna przed ogniem - UNIEPALNIACZ - Sklep BaleiDetale.pl\" \/>\n<meta property=\"og:description\" content=\"U\u017cyj impregnat do zabezpieczania drewna przed dzia\u0142aniem ognia i zwi\u0119ksz tym samym bezpiecze\u0144stwo domownik\u00f3w!\" \/>\n<meta property=\"og:url\" content=\"https:\/\/baleidetale.pl\/sklep\/produkt\/uniepalniacz-impregnat-do-zabezpieczania-drewna-przed-dzialaniem-ognia\/\" \/>\n<meta property=\"og:site_name\" content=\"Sklep BaleiDetale.pl\" \/>\n<meta property=\"article:modified_time\" content=\"2026-03-19T08:10:05+00:00\" \/>\n<meta property=\"og:image\" content=\"https:\/\/baleidetale.pl\/sklep\/wp-content\/uploads\/2022\/02\/d-compact-e1745917687738.jpg\" \/>\n\t<meta property=\"og:image:width\" content=\"759\" \/>\n\t<meta property=\"og:image:height\" content=\"1012\" \/>\n\t<meta property=\"og:image:type\" content=\"image\/jpeg\" \/>\n<meta name=\"twitter:card\" content=\"summary_large_image\" \/>\n<meta name=\"twitter:label1\" content=\"Szacowany czas czytania\" \/>\n\t<meta name=\"twitter:data1\" content=\"2 minuty\" \/>\n<script type=\"application\/ld+json\" class=\"yoast-schema-graph\">{\"@context\":\"https:\\\/\\\/schema.org\",\"@graph\":[{\"@type\":\"WebPage\",\"@id\":\"https:\\\/\\\/baleidetale.pl\\\/sklep\\\/produkt\\\/uniepalniacz-impregnat-do-zabezpieczania-drewna-przed-dzialaniem-ognia\\\/\",\"url\":\"https:\\\/\\\/baleidetale.pl\\\/sklep\\\/produkt\\\/uniepalniacz-impregnat-do-zabezpieczania-drewna-przed-dzialaniem-ognia\\\/\",\"name\":\"Impregnat do zabezpieczania drewna przed ogniem - UNIEPALNIACZ - Sklep BaleiDetale.pl\",\"isPartOf\":{\"@id\":\"https:\\\/\\\/baleidetale.pl\\\/sklep\\\/#website\"},\"primaryImageOfPage\":{\"@id\":\"https:\\\/\\\/baleidetale.pl\\\/sklep\\\/produkt\\\/uniepalniacz-impregnat-do-zabezpieczania-drewna-przed-dzialaniem-ognia\\\/#primaryimage\"},\"image\":{\"@id\":\"https:\\\/\\\/baleidetale.pl\\\/sklep\\\/produkt\\\/uniepalniacz-impregnat-do-zabezpieczania-drewna-przed-dzialaniem-ognia\\\/#primaryimage\"},\"thumbnailUrl\":\"https:\\\/\\\/baleidetale.pl\\\/sklep\\\/wp-content\\\/uploads\\\/2022\\\/02\\\/d-compact-e1745917687738.jpg\",\"datePublished\":\"2022-02-17T14:13:09+00:00\",\"dateModified\":\"2026-03-19T08:10:05+00:00\",\"description\":\"U\u017cyj impregnat do zabezpieczania drewna przed dzia\u0142aniem ognia i zwi\u0119ksz tym samym bezpiecze\u0144stwo domownik\u00f3w!\",\"breadcrumb\":{\"@id\":\"https:\\\/\\\/baleidetale.pl\\\/sklep\\\/produkt\\\/uniepalniacz-impregnat-do-zabezpieczania-drewna-przed-dzialaniem-ognia\\\/#breadcrumb\"},\"inLanguage\":\"pl-PL\",\"potentialAction\":[{\"@type\":\"ReadAction\",\"target\":[\"https:\\\/\\\/baleidetale.pl\\\/sklep\\\/produkt\\\/uniepalniacz-impregnat-do-zabezpieczania-drewna-przed-dzialaniem-ognia\\\/\"]}]},{\"@type\":\"ImageObject\",\"inLanguage\":\"pl-PL\",\"@id\":\"https:\\\/\\\/baleidetale.pl\\\/sklep\\\/produkt\\\/uniepalniacz-impregnat-do-zabezpieczania-drewna-przed-dzialaniem-ognia\\\/#primaryimage\",\"url\":\"https:\\\/\\\/baleidetale.pl\\\/sklep\\\/wp-content\\\/uploads\\\/2022\\\/02\\\/d-compact-e1745917687738.jpg\",\"contentUrl\":\"https:\\\/\\\/baleidetale.pl\\\/sklep\\\/wp-content\\\/uploads\\\/2022\\\/02\\\/d-compact-e1745917687738.jpg\",\"width\":759,\"height\":1012},{\"@type\":\"BreadcrumbList\",\"@id\":\"https:\\\/\\\/baleidetale.pl\\\/sklep\\\/produkt\\\/uniepalniacz-impregnat-do-zabezpieczania-drewna-przed-dzialaniem-ognia\\\/#breadcrumb\",\"itemListElement\":[{\"@type\":\"ListItem\",\"position\":1,\"name\":\"Strona g\u0142\u00f3wna\",\"item\":\"https:\\\/\\\/baleidetale.pl\\\/sklep\\\/\"},{\"@type\":\"ListItem\",\"position\":2,\"name\":\"Sklep\",\"item\":\"https:\\\/\\\/baleidetale.pl\\\/sklep\\\/sklep\\\/\"},{\"@type\":\"ListItem\",\"position\":3,\"name\":\"Impregnat do zabezpieczania drewna przed ogniem &#8211; UNIEPALNIACZ\"}]},{\"@type\":\"WebSite\",\"@id\":\"https:\\\/\\\/baleidetale.pl\\\/sklep\\\/#website\",\"url\":\"https:\\\/\\\/baleidetale.pl\\\/sklep\\\/\",\"name\":\"Sklep BaleiDetale.pl\",\"description\":\"Portal BaleiDetale.pl to sprawdzone cenne porady i niuanse decyduj\u0105ce o sukcesie budowy domu z bali. Z nami wybudujesz dom a nie tylko o tym przeczytasz!\",\"potentialAction\":[{\"@type\":\"SearchAction\",\"target\":{\"@type\":\"EntryPoint\",\"urlTemplate\":\"https:\\\/\\\/baleidetale.pl\\\/sklep\\\/?s={search_term_string}\"},\"query-input\":{\"@type\":\"PropertyValueSpecification\",\"valueRequired\":true,\"valueName\":\"search_term_string\"}}],\"inLanguage\":\"pl-PL\"}]}<\/script>\n<!-- \/ Yoast SEO plugin. -->","yoast_head_json":{"title":"Impregnat do zabezpieczania drewna przed ogniem - UNIEPALNIACZ - Sklep BaleiDetale.pl","description":"U\u017cyj impregnat do zabezpieczania drewna przed dzia\u0142aniem ognia i zwi\u0119ksz tym samym bezpiecze\u0144stwo domownik\u00f3w!","robots":{"index":"index","follow":"follow","max-snippet":"max-snippet:-1","max-image-preview":"max-image-preview:large","max-video-preview":"max-video-preview:-1"},"canonical":"https:\/\/baleidetale.pl\/sklep\/produkt\/uniepalniacz-impregnat-do-zabezpieczania-drewna-przed-dzialaniem-ognia\/","og_locale":"pl_PL","og_type":"article","og_title":"Impregnat do zabezpieczania drewna przed ogniem - UNIEPALNIACZ - Sklep BaleiDetale.pl","og_description":"U\u017cyj impregnat do zabezpieczania drewna przed dzia\u0142aniem ognia i zwi\u0119ksz tym samym bezpiecze\u0144stwo domownik\u00f3w!","og_url":"https:\/\/baleidetale.pl\/sklep\/produkt\/uniepalniacz-impregnat-do-zabezpieczania-drewna-przed-dzialaniem-ognia\/","og_site_name":"Sklep BaleiDetale.pl","article_modified_time":"2026-03-19T08:10:05+00:00","og_image":[{"width":759,"height":1012,"url":"https:\/\/baleidetale.pl\/sklep\/wp-content\/uploads\/2022\/02\/d-compact-e1745917687738.jpg","type":"image\/jpeg"}],"twitter_card":"summary_large_image","twitter_misc":{"Szacowany czas czytania":"2 minuty"},"schema":{"@context":"https:\/\/schema.org","@graph":[{"@type":"WebPage","@id":"https:\/\/baleidetale.pl\/sklep\/produkt\/uniepalniacz-impregnat-do-zabezpieczania-drewna-przed-dzialaniem-ognia\/","url":"https:\/\/baleidetale.pl\/sklep\/produkt\/uniepalniacz-impregnat-do-zabezpieczania-drewna-przed-dzialaniem-ognia\/","name":"Impregnat do zabezpieczania drewna przed ogniem - UNIEPALNIACZ - Sklep BaleiDetale.pl","isPartOf":{"@id":"https:\/\/baleidetale.pl\/sklep\/#website"},"primaryImageOfPage":{"@id":"https:\/\/baleidetale.pl\/sklep\/produkt\/uniepalniacz-impregnat-do-zabezpieczania-drewna-przed-dzialaniem-ognia\/#primaryimage"},"image":{"@id":"https:\/\/baleidetale.pl\/sklep\/produkt\/uniepalniacz-impregnat-do-zabezpieczania-drewna-przed-dzialaniem-ognia\/#primaryimage"},"thumbnailUrl":"https:\/\/baleidetale.pl\/sklep\/wp-content\/uploads\/2022\/02\/d-compact-e1745917687738.jpg","datePublished":"2022-02-17T14:13:09+00:00","dateModified":"2026-03-19T08:10:05+00:00","description":"U\u017cyj impregnat do zabezpieczania drewna przed dzia\u0142aniem ognia i zwi\u0119ksz tym samym bezpiecze\u0144stwo domownik\u00f3w!","breadcrumb":{"@id":"https:\/\/baleidetale.pl\/sklep\/produkt\/uniepalniacz-impregnat-do-zabezpieczania-drewna-przed-dzialaniem-ognia\/#breadcrumb"},"inLanguage":"pl-PL","potentialAction":[{"@type":"ReadAction","target":["https:\/\/baleidetale.pl\/sklep\/produkt\/uniepalniacz-impregnat-do-zabezpieczania-drewna-przed-dzialaniem-ognia\/"]}]},{"@type":"ImageObject","inLanguage":"pl-PL","@id":"https:\/\/baleidetale.pl\/sklep\/produkt\/uniepalniacz-impregnat-do-zabezpieczania-drewna-przed-dzialaniem-ognia\/#primaryimage","url":"https:\/\/baleidetale.pl\/sklep\/wp-content\/uploads\/2022\/02\/d-compact-e1745917687738.jpg","contentUrl":"https:\/\/baleidetale.pl\/sklep\/wp-content\/uploads\/2022\/02\/d-compact-e1745917687738.jpg","width":759,"height":1012},{"@type":"BreadcrumbList","@id":"https:\/\/baleidetale.pl\/sklep\/produkt\/uniepalniacz-impregnat-do-zabezpieczania-drewna-przed-dzialaniem-ognia\/#breadcrumb","itemListElement":[{"@type":"ListItem","position":1,"name":"Strona g\u0142\u00f3wna","item":"https:\/\/baleidetale.pl\/sklep\/"},{"@type":"ListItem","position":2,"name":"Sklep","item":"https:\/\/baleidetale.pl\/sklep\/sklep\/"},{"@type":"ListItem","position":3,"name":"Impregnat do zabezpieczania drewna przed ogniem &#8211; UNIEPALNIACZ"}]},{"@type":"WebSite","@id":"https:\/\/baleidetale.pl\/sklep\/#website","url":"https:\/\/baleidetale.pl\/sklep\/","name":"Sklep BaleiDetale.pl","description":"Portal BaleiDetale.pl to sprawdzone cenne porady i niuanse decyduj\u0105ce o sukcesie budowy domu z bali. Z nami wybudujesz dom a nie tylko o tym przeczytasz!","potentialAction":[{"@type":"SearchAction","target":{"@type":"EntryPoint","urlTemplate":"https:\/\/baleidetale.pl\/sklep\/?s={search_term_string}"},"query-input":{"@type":"PropertyValueSpecification","valueRequired":true,"valueName":"search_term_string"}}],"inLanguage":"pl-PL"}]}},"_links":{"self":[{"href":"https:\/\/baleidetale.pl\/sklep\/wp-json\/wp\/v2\/product\/3962","targetHints":{"allow":["GET"]}}],"collection":[{"href":"https:\/\/baleidetale.pl\/sklep\/wp-json\/wp\/v2\/product"}],"about":[{"href":"https:\/\/baleidetale.pl\/sklep\/wp-json\/wp\/v2\/types\/product"}],"replies":[{"embeddable":true,"href":"https:\/\/baleidetale.pl\/sklep\/wp-json\/wp\/v2\/comments?post=3962"}],"wp:featuredmedia":[{"embeddable":true,"href":"https:\/\/baleidetale.pl\/sklep\/wp-json\/wp\/v2\/media\/8104"}],"wp:attachment":[{"href":"https:\/\/baleidetale.pl\/sklep\/wp-json\/wp\/v2\/media?parent=3962"}],"wp:term":[{"taxonomy":"product_brand","embeddable":true,"href":"https:\/\/baleidetale.pl\/sklep\/wp-json\/wp\/v2\/product_brand?post=3962"},{"taxonomy":"product_cat","embeddable":true,"href":"https:\/\/baleidetale.pl\/sklep\/wp-json\/wp\/v2\/product_cat?post=3962"},{"taxonomy":"product_tag","embeddable":true,"href":"https:\/\/baleidetale.pl\/sklep\/wp-json\/wp\/v2\/product_tag?post=3962"}],"curies":[{"name":"wp","href":"https:\/\/api.w.org\/{rel}","templated":true}]}}